{"id":8,"date":"2023-12-11T23:26:30","date_gmt":"2023-12-12T02:26:30","guid":{"rendered":"https:\/\/laudiceacosmeticos.com.br\/index.php\/carrinho\/"},"modified":"2024-07-25T17:17:21","modified_gmt":"2024-07-25T20:17:21","slug":"carrinho","status":"publish","type":"page","link":"https:\/\/laudiceacosmeticos.com.br\/?page_id=8","title":{"rendered":"Carrinho"},"content":{"rendered":"\t\t<div data-elementor-type=\"wp-page\" data-elementor-id=\"8\" class=\"elementor elementor-8\">\n\t\t\t\t<div class=\"elementor-element elementor-element-7dc7f77 e-flex e-con-boxed e-con e-parent\" data-id=\"7dc7f77\" data-element_type=\"container\" data-e-type=\"container\">\n\t\t\t\t\t<div class=\"e-con-inner\">\n\t\t\t\t<div class=\"elementor-element elementor-element-11643ed elementor-widget elementor-widget-woocommerce-cart\" data-id=\"11643ed\" data-element_type=\"widget\" data-e-type=\"widget\" data-widget_type=\"woocommerce-cart.default\">\n\t\t\t\t<div class=\"elementor-widget-container\">\n\t\t\t\t\t \t\t\t\t<\/div>\n\t\t\t\t<\/div>\n\t\t\t\t\t<\/div>\n\t\t\t\t<\/div>\n\t\t\t\t<\/div>\n\t\t","protected":false},"excerpt":{"rendered":"<p>Remover item Imagem de miniatura Produto Pre\u00e7o Quantidade Subtotal &times; Master Cachos &#82;&#36;169.00 Master Cachos quantidade &#82;&#36;169.00 Total no carrinho Subtotal &#82;&#36;169.00 Entrega Sedex (Nova API): &#82;&#36;47.33 Entrega em at\u00e9 4 dias \u00fateis PAC (Nova API): &#82;&#36;24.16 Entrega em at\u00e9 8 dias \u00fateis Entrega para Rua Bagd\u00e1, Salvador, Bahia, 40713895. Mudar endere\u00e7o Pa\u00eds \/ regi\u00e3o: [&hellip;]<\/p>\n","protected":false},"author":1,"featured_media":0,"parent":0,"menu_order":0,"comment_status":"closed","ping_status":"closed","template":"elementor_header_footer","meta":{"footnotes":""},"class_list":["post-8","page","type-page","status-publish","hentry"],"_links":{"self":[{"href":"https:\/\/laudiceacosmeticos.com.br\/index.php?rest_route=\/wp\/v2\/pages\/8","targetHints":{"allow":["GET"]}}],"collection":[{"href":"https:\/\/laudiceacosmeticos.com.br\/index.php?rest_route=\/wp\/v2\/pages"}],"about":[{"href":"https:\/\/laudiceacosmeticos.com.br\/index.php?rest_route=\/wp\/v2\/types\/page"}],"author":[{"embeddable":true,"href":"https:\/\/laudiceacosmeticos.com.br\/index.php?rest_route=\/wp\/v2\/users\/1"}],"replies":[{"embeddable":true,"href":"https:\/\/laudiceacosmeticos.com.br\/index.php?rest_route=%2Fwp%2Fv2%2Fcomments&post=8"}],"version-history":[{"count":69,"href":"https:\/\/laudiceacosmeticos.com.br\/index.php?rest_route=\/wp\/v2\/pages\/8\/revisions"}],"predecessor-version":[{"id":2278,"href":"https:\/\/laudiceacosmeticos.com.br\/index.php?rest_route=\/wp\/v2\/pages\/8\/revisions\/2278"}],"wp:attachment":[{"href":"https:\/\/laudiceacosmeticos.com.br\/index.php?rest_route=%2Fwp%2Fv2%2Fmedia&parent=8"}],"curies":[{"name":"wp","href":"https:\/\/api.w.org\/{rel}","templated":true}]}}