{"id":1161,"date":"2024-07-17T15:28:30","date_gmt":"2024-07-17T18:28:30","guid":{"rendered":"https:\/\/laudiceacosmeticos.com.br\/?post_type=product&#038;p=1161"},"modified":"2024-08-06T17:29:21","modified_gmt":"2024-08-06T20:29:21","slug":"kit-terapia-capilar","status":"publish","type":"product","link":"https:\/\/laudiceacosmeticos.com.br\/?product=kit-terapia-capilar","title":{"rendered":"Kit terapia capilar"},"content":{"rendered":"","protected":false},"excerpt":{"rendered":"<p>Kit terapia capilar<\/p>\n<p>Benef\u00edcios!<br \/>\nShampoo: auxiliar no crescimento, limpa sem agredir a fibra e o couro, remove impurezas e impede o ressecamento.<br \/>\nPrincipais ativos: hortel\u00e3, jaborandi e mentol.<br \/>\nM\u00e1scara: crescimento, fortalecimento e restaura\u00e7\u00e3o.<br \/>\nPrincipais ativos: jaborandi, hortel\u00e3, silicone, feniltricone.<br \/>\nLevea-in: crescimento, fortalecimento e restaura\u00e7\u00e3o, facilita o pentear, prote\u00e7\u00e3o t\u00e9rmica, nutri\u00e7\u00e3o intensa e auxilia no crescimento.<br \/>\nAtivos: jaborandi, hortel\u00e3, silicone feniltricone.<br \/>\nT\u00f4nico capilar: auxilia na redu\u00e7\u00e3o da oleosidade, da queda capilar e descama\u00e7\u00e3o, melhora e trata caspa, dermatite seborreia, trata coceira e a sensibilidade no couro cabeludo, estimula o crescimento capilar.<\/p>\n","protected":false},"featured_media":1567,"comment_status":"closed","ping_status":"closed","template":"","meta":[],"product_brand":[],"product_cat":[15],"product_tag":[],"class_list":{"0":"post-1161","1":"product","2":"type-product","3":"status-publish","4":"has-post-thumbnail","6":"product_cat-sem-categoria","8":"first","9":"instock","10":"shipping-taxable","11":"purchasable","12":"product-type-simple"},"_links":{"self":[{"href":"https:\/\/laudiceacosmeticos.com.br\/index.php?rest_route=\/wp\/v2\/product\/1161","targetHints":{"allow":["GET"]}}],"collection":[{"href":"https:\/\/laudiceacosmeticos.com.br\/index.php?rest_route=\/wp\/v2\/product"}],"about":[{"href":"https:\/\/laudiceacosmeticos.com.br\/index.php?rest_route=\/wp\/v2\/types\/product"}],"replies":[{"embeddable":true,"href":"https:\/\/laudiceacosmeticos.com.br\/index.php?rest_route=%2Fwp%2Fv2%2Fcomments&post=1161"}],"wp:featuredmedia":[{"embeddable":true,"href":"https:\/\/laudiceacosmeticos.com.br\/index.php?rest_route=\/wp\/v2\/media\/1567"}],"wp:attachment":[{"href":"https:\/\/laudiceacosmeticos.com.br\/index.php?rest_route=%2Fwp%2Fv2%2Fmedia&parent=1161"}],"wp:term":[{"taxonomy":"product_brand","embeddable":true,"href":"https:\/\/laudiceacosmeticos.com.br\/index.php?rest_route=%2Fwp%2Fv2%2Fproduct_brand&post=1161"},{"taxonomy":"product_cat","embeddable":true,"href":"https:\/\/laudiceacosmeticos.com.br\/index.php?rest_route=%2Fwp%2Fv2%2Fproduct_cat&post=1161"},{"taxonomy":"product_tag","embeddable":true,"href":"https:\/\/laudiceacosmeticos.com.br\/index.php?rest_route=%2Fwp%2Fv2%2Fproduct_tag&post=1161"}],"curies":[{"name":"wp","href":"https:\/\/api.w.org\/{rel}","templated":true}]}}