{"id":1180,"date":"2024-07-17T16:23:04","date_gmt":"2024-07-17T19:23:04","guid":{"rendered":"https:\/\/laudiceacosmeticos.com.br\/?post_type=product&#038;p=1180"},"modified":"2024-08-06T17:28:01","modified_gmt":"2024-08-06T20:28:01","slug":"shampoo-pos-quimica","status":"publish","type":"product","link":"https:\/\/laudiceacosmeticos.com.br\/?product=shampoo-pos-quimica","title":{"rendered":"Shampoo P\u00f3s Qu\u00edmica"},"content":{"rendered":"","protected":false},"excerpt":{"rendered":"<p>Shampoo: limpeza sem agress\u00e3o, reconstr\u00f3i os fios danificados, traz hidrata\u00e7\u00e3o e maciez. Principais ativos: pantenol, \u00f3leo de linha\u00e7a e col\u00e1geno hidrolizado.<\/p>\n","protected":false},"featured_media":1556,"comment_status":"closed","ping_status":"closed","template":"","meta":[],"product_brand":[],"product_cat":[15],"product_tag":[],"class_list":{"0":"post-1180","1":"product","2":"type-product","3":"status-publish","4":"has-post-thumbnail","6":"product_cat-sem-categoria","8":"first","9":"instock","10":"shipping-taxable","11":"purchasable","12":"product-type-simple"},"_links":{"self":[{"href":"https:\/\/laudiceacosmeticos.com.br\/index.php?rest_route=\/wp\/v2\/product\/1180","targetHints":{"allow":["GET"]}}],"collection":[{"href":"https:\/\/laudiceacosmeticos.com.br\/index.php?rest_route=\/wp\/v2\/product"}],"about":[{"href":"https:\/\/laudiceacosmeticos.com.br\/index.php?rest_route=\/wp\/v2\/types\/product"}],"replies":[{"embeddable":true,"href":"https:\/\/laudiceacosmeticos.com.br\/index.php?rest_route=%2Fwp%2Fv2%2Fcomments&post=1180"}],"wp:featuredmedia":[{"embeddable":true,"href":"https:\/\/laudiceacosmeticos.com.br\/index.php?rest_route=\/wp\/v2\/media\/1556"}],"wp:attachment":[{"href":"https:\/\/laudiceacosmeticos.com.br\/index.php?rest_route=%2Fwp%2Fv2%2Fmedia&parent=1180"}],"wp:term":[{"taxonomy":"product_brand","embeddable":true,"href":"https:\/\/laudiceacosmeticos.com.br\/index.php?rest_route=%2Fwp%2Fv2%2Fproduct_brand&post=1180"},{"taxonomy":"product_cat","embeddable":true,"href":"https:\/\/laudiceacosmeticos.com.br\/index.php?rest_route=%2Fwp%2Fv2%2Fproduct_cat&post=1180"},{"taxonomy":"product_tag","embeddable":true,"href":"https:\/\/laudiceacosmeticos.com.br\/index.php?rest_route=%2Fwp%2Fv2%2Fproduct_tag&post=1180"}],"curies":[{"name":"wp","href":"https:\/\/api.w.org\/{rel}","templated":true}]}}