{"id":1188,"date":"2024-07-17T16:34:11","date_gmt":"2024-07-17T19:34:11","guid":{"rendered":"https:\/\/laudiceacosmeticos.com.br\/?post_type=product&#038;p=1188"},"modified":"2024-08-06T17:27:42","modified_gmt":"2024-08-06T20:27:42","slug":"mascara-pos-quimica","status":"publish","type":"product","link":"https:\/\/laudiceacosmeticos.com.br\/?product=mascara-pos-quimica","title":{"rendered":"M\u00e1scara P\u00f3s Qu\u00edmica"},"content":{"rendered":"","protected":false},"excerpt":{"rendered":"<p>M\u00e1scara de tratamento: Promove hidrata\u00e7\u00e3o, nutri\u00e7\u00e3o e reconstru\u00e7\u00e3o. Principais ativos: pantenol, \u00f3leo de linha\u00e7a e col\u00e1geno.<\/p>\n","protected":false},"featured_media":1554,"comment_status":"closed","ping_status":"closed","template":"","meta":[],"product_brand":[],"product_cat":[15],"product_tag":[],"class_list":{"0":"post-1188","1":"product","2":"type-product","3":"status-publish","4":"has-post-thumbnail","6":"product_cat-sem-categoria","8":"first","9":"instock","10":"shipping-taxable","11":"purchasable","12":"product-type-simple"},"_links":{"self":[{"href":"https:\/\/laudiceacosmeticos.com.br\/index.php?rest_route=\/wp\/v2\/product\/1188","targetHints":{"allow":["GET"]}}],"collection":[{"href":"https:\/\/laudiceacosmeticos.com.br\/index.php?rest_route=\/wp\/v2\/product"}],"about":[{"href":"https:\/\/laudiceacosmeticos.com.br\/index.php?rest_route=\/wp\/v2\/types\/product"}],"replies":[{"embeddable":true,"href":"https:\/\/laudiceacosmeticos.com.br\/index.php?rest_route=%2Fwp%2Fv2%2Fcomments&post=1188"}],"wp:featuredmedia":[{"embeddable":true,"href":"https:\/\/laudiceacosmeticos.com.br\/index.php?rest_route=\/wp\/v2\/media\/1554"}],"wp:attachment":[{"href":"https:\/\/laudiceacosmeticos.com.br\/index.php?rest_route=%2Fwp%2Fv2%2Fmedia&parent=1188"}],"wp:term":[{"taxonomy":"product_brand","embeddable":true,"href":"https:\/\/laudiceacosmeticos.com.br\/index.php?rest_route=%2Fwp%2Fv2%2Fproduct_brand&post=1188"},{"taxonomy":"product_cat","embeddable":true,"href":"https:\/\/laudiceacosmeticos.com.br\/index.php?rest_route=%2Fwp%2Fv2%2Fproduct_cat&post=1188"},{"taxonomy":"product_tag","embeddable":true,"href":"https:\/\/laudiceacosmeticos.com.br\/index.php?rest_route=%2Fwp%2Fv2%2Fproduct_tag&post=1188"}],"curies":[{"name":"wp","href":"https:\/\/api.w.org\/{rel}","templated":true}]}}