{"id":1190,"date":"2024-07-17T16:37:58","date_gmt":"2024-07-17T19:37:58","guid":{"rendered":"https:\/\/laudiceacosmeticos.com.br\/?post_type=product&#038;p=1190"},"modified":"2024-08-06T17:27:28","modified_gmt":"2024-08-06T20:27:28","slug":"leave-in-finalizador-pos-quimica","status":"publish","type":"product","link":"https:\/\/laudiceacosmeticos.com.br\/?product=leave-in-finalizador-pos-quimica","title":{"rendered":"Leave-in Finalizador P\u00f3s Qu\u00edmica"},"content":{"rendered":"","protected":false},"excerpt":{"rendered":"<p>A\u00e7\u00e3o antifrizz, prote\u00e7\u00e3o t\u00e9rmica, facilita o penteado, hidrata\u00e7\u00e3o e reconstru\u00e7\u00e3o. Principais ativos: silicone, manteiga de murumuru e \u00f3leo de coco.<\/p>\n","protected":false},"featured_media":1552,"comment_status":"closed","ping_status":"closed","template":"","meta":[],"product_brand":[],"product_cat":[15],"product_tag":[],"class_list":{"0":"post-1190","1":"product","2":"type-product","3":"status-publish","4":"has-post-thumbnail","6":"product_cat-sem-categoria","8":"first","9":"instock","10":"shipping-taxable","11":"purchasable","12":"product-type-simple"},"_links":{"self":[{"href":"https:\/\/laudiceacosmeticos.com.br\/index.php?rest_route=\/wp\/v2\/product\/1190","targetHints":{"allow":["GET"]}}],"collection":[{"href":"https:\/\/laudiceacosmeticos.com.br\/index.php?rest_route=\/wp\/v2\/product"}],"about":[{"href":"https:\/\/laudiceacosmeticos.com.br\/index.php?rest_route=\/wp\/v2\/types\/product"}],"replies":[{"embeddable":true,"href":"https:\/\/laudiceacosmeticos.com.br\/index.php?rest_route=%2Fwp%2Fv2%2Fcomments&post=1190"}],"wp:featuredmedia":[{"embeddable":true,"href":"https:\/\/laudiceacosmeticos.com.br\/index.php?rest_route=\/wp\/v2\/media\/1552"}],"wp:attachment":[{"href":"https:\/\/laudiceacosmeticos.com.br\/index.php?rest_route=%2Fwp%2Fv2%2Fmedia&parent=1190"}],"wp:term":[{"taxonomy":"product_brand","embeddable":true,"href":"https:\/\/laudiceacosmeticos.com.br\/index.php?rest_route=%2Fwp%2Fv2%2Fproduct_brand&post=1190"},{"taxonomy":"product_cat","embeddable":true,"href":"https:\/\/laudiceacosmeticos.com.br\/index.php?rest_route=%2Fwp%2Fv2%2Fproduct_cat&post=1190"},{"taxonomy":"product_tag","embeddable":true,"href":"https:\/\/laudiceacosmeticos.com.br\/index.php?rest_route=%2Fwp%2Fv2%2Fproduct_tag&post=1190"}],"curies":[{"name":"wp","href":"https:\/\/api.w.org\/{rel}","templated":true}]}}