{"id":2332,"date":"2024-07-26T20:10:53","date_gmt":"2024-07-26T23:10:53","guid":{"rendered":"https:\/\/laudiceacosmeticos.com.br\/?post_type=product&#038;p=2332"},"modified":"2024-08-06T17:24:33","modified_gmt":"2024-08-06T20:24:33","slug":"tesouras-dentadas-6-polegadas","status":"publish","type":"product","link":"https:\/\/laudiceacosmeticos.com.br\/?product=tesouras-dentadas-6-polegadas","title":{"rendered":"Tesouras Dentadas 6 polegadas"},"content":{"rendered":"","protected":false},"excerpt":{"rendered":"<p>Ideal para texturiza\u00e7\u00e3o, finaliza\u00e7\u00e3o e acabamento\u00a0de\u00a0corte!<\/p>\n","protected":false},"featured_media":2333,"comment_status":"closed","ping_status":"closed","template":"","meta":[],"product_brand":[],"product_cat":[15],"product_tag":[],"class_list":{"0":"post-2332","1":"product","2":"type-product","3":"status-publish","4":"has-post-thumbnail","6":"product_cat-sem-categoria","8":"first","9":"instock","10":"shipping-taxable","11":"purchasable","12":"product-type-simple"},"_links":{"self":[{"href":"https:\/\/laudiceacosmeticos.com.br\/index.php?rest_route=\/wp\/v2\/product\/2332","targetHints":{"allow":["GET"]}}],"collection":[{"href":"https:\/\/laudiceacosmeticos.com.br\/index.php?rest_route=\/wp\/v2\/product"}],"about":[{"href":"https:\/\/laudiceacosmeticos.com.br\/index.php?rest_route=\/wp\/v2\/types\/product"}],"replies":[{"embeddable":true,"href":"https:\/\/laudiceacosmeticos.com.br\/index.php?rest_route=%2Fwp%2Fv2%2Fcomments&post=2332"}],"wp:featuredmedia":[{"embeddable":true,"href":"https:\/\/laudiceacosmeticos.com.br\/index.php?rest_route=\/wp\/v2\/media\/2333"}],"wp:attachment":[{"href":"https:\/\/laudiceacosmeticos.com.br\/index.php?rest_route=%2Fwp%2Fv2%2Fmedia&parent=2332"}],"wp:term":[{"taxonomy":"product_brand","embeddable":true,"href":"https:\/\/laudiceacosmeticos.com.br\/index.php?rest_route=%2Fwp%2Fv2%2Fproduct_brand&post=2332"},{"taxonomy":"product_cat","embeddable":true,"href":"https:\/\/laudiceacosmeticos.com.br\/index.php?rest_route=%2Fwp%2Fv2%2Fproduct_cat&post=2332"},{"taxonomy":"product_tag","embeddable":true,"href":"https:\/\/laudiceacosmeticos.com.br\/index.php?rest_route=%2Fwp%2Fv2%2Fproduct_tag&post=2332"}],"curies":[{"name":"wp","href":"https:\/\/api.w.org\/{rel}","templated":true}]}}